{"id":4464,"date":"2023-05-09T14:17:15","date_gmt":"2023-05-09T17:17:15","guid":{"rendered":"https:\/\/www.vegnsweet.com.ar\/?post_type=product&#038;p=4464"},"modified":"2025-08-12T22:05:07","modified_gmt":"2025-08-13T01:05:07","slug":"budin-de-pan","status":"publish","type":"product","link":"https:\/\/www.vegnsweet.com.ar\/index.php\/product\/budin-de-pan\/","title":{"rendered":"Bud\u00edn de pan de facturas x 1 u."},"content":{"rendered":"","protected":false},"excerpt":{"rendered":"<p>Cl\u00e1sico, tradicional y exquisito bud\u00edn de pan vegano, acompa\u00f1ado de dulce de leche, crema chantilly y chocolate rallado.<\/p>\n","protected":false},"featured_media":4465,"comment_status":"open","ping_status":"closed","template":"","meta":[],"class_list":{"0":"post-4464","1":"product","2":"type-product","3":"status-publish","4":"has-post-thumbnail","6":"product_cat-pasteleria","8":"first","9":"instock","10":"shipping-taxable","11":"product-type-simple"},"_links":{"self":[{"href":"https:\/\/www.vegnsweet.com.ar\/index.php\/wp-json\/wp\/v2\/product\/4464"}],"collection":[{"href":"https:\/\/www.vegnsweet.com.ar\/index.php\/wp-json\/wp\/v2\/product"}],"about":[{"href":"https:\/\/www.vegnsweet.com.ar\/index.php\/wp-json\/wp\/v2\/types\/product"}],"replies":[{"embeddable":true,"href":"https:\/\/www.vegnsweet.com.ar\/index.php\/wp-json\/wp\/v2\/comments?post=4464"}],"wp:featuredmedia":[{"embeddable":true,"href":"https:\/\/www.vegnsweet.com.ar\/index.php\/wp-json\/wp\/v2\/media\/4465"}],"wp:attachment":[{"href":"https:\/\/www.vegnsweet.com.ar\/index.php\/wp-json\/wp\/v2\/media?parent=4464"}],"curies":[{"name":"wp","href":"https:\/\/api.w.org\/{rel}","templated":true}]}}